{"id":241934,"date":"2021-04-27T15:55:37","date_gmt":"2021-04-27T13:55:37","guid":{"rendered":"https:\/\/www.tourisme-marchesdebretagne.com\/quelles-activites-pour-les-familles-pres-de-fougeres\/"},"modified":"2026-02-13T14:17:24","modified_gmt":"2026-02-13T13:17:24","slug":"ideas-visits-families-near-fougeres","status":"publish","type":"page","link":"https:\/\/www.tourisme-marchesdebretagne.com\/en\/ideas-visits-families-near-fougeres\/","title":{"rendered":"Ideas of visits for families near Foug\u00e8res"},"content":{"rendered":"<h1>Ideas of visits for families near Foug\u00e8res<\/h1>\n<p>&nbsp;<\/p>\n<p><strong>Are you looking for visits and adventures ideal for all the family ? Discover amazing places only a few minutes by car from Foug\u00e8res. Among leisure base, castles, parks and gardens, the land of Couesnon Marches de Bretagne show you multiple places to explore :<\/strong><\/p>\n<p><strong>\u00a0<\/strong><\/p>\n<table style=\"border-collapse: collapse; width: 100%;\">\n<tbody>\n<tr>\n<td style=\"width: 50%;\">\n<p><a href=\"https:\/\/www.tourisme-marchesdebretagne.com\/en\/discover\/recrenature-leisure-forest-villecartier\/\" target=\"_blank\" rel=\"noopener\"><img loading=\"lazy\" decoding=\"async\" class=\"alignnone wp-image-3856 size-full\" src=\"https:\/\/www.tourisme-marchesdebretagne.com\/wp-content\/uploads\/2019\/06\/Port-miniature-de-Villecartier-Embarquement-\u00a9-Sten-Duparc-1.jpg-1-e1560246403923.jpg\" alt=\"Port miniature de Villecartier - Embarquement\" width=\"1000\" height=\"664\" \/><\/a><\/p>\n<\/td>\n<td style=\"width: 50%;\">\n<p><a href=\"https:\/\/www.tourisme-marchesdebretagne.com\/en\/discover\/recrenature-leisure-forest-villecartier\/\" target=\"_blank\" rel=\"noopener\"><img loading=\"lazy\" decoding=\"async\" class=\"alignnone wp-image-3488 size-full\" src=\"https:\/\/www.tourisme-marchesdebretagne.com\/wp-content\/uploads\/2019\/06\/Accrobranche-en-For\u00eat-de-Villecartier-2-\u00a9-Sten-Duparc-1-e1560003573947.jpg\" alt=\"Accrobranche - Parc des Grands Ch\u00eanes - Bretons Perch\u00e9s - For\u00eat de Villecartier\" width=\"1000\" height=\"664\" \/><\/a><\/p>\n<\/td>\n<\/tr>\n<\/tbody>\n<\/table>\n<p>&nbsp;<\/p>\n<h2><b>\u25a0 Leisure base R\u00e9cr\u00e9nature<\/b><b><br \/>\n<\/b><\/h2>\n<p>&nbsp;<\/p>\n<p>Enter in the heart of the forest of Villecartier where many adventures awaits you : ropes course, miniature port, play space, playgrounds\u2026 kids or adults, the leisure base let you experience unforgettable moments around its pond.<\/p>\n<h3><strong><a href=\"https:\/\/www.tourisme-marchesdebretagne.com\/en\/discover\/recrenature-leisure-forest-villecartier\/\" target=\"_blank\" rel=\"noopener\">\u25b6 Click here for discover more about the forest<\/a><\/strong><\/h3>\n<p>&nbsp;<\/p>\n<p>&nbsp;<\/p>\n<table style=\"border-collapse: collapse; width: 100%;\">\n<tbody>\n<tr>\n<td style=\"width: 50%;\"><a href=\"https:\/\/www.tourisme-marchesdebretagne.com\/en\/discover\/botanical-gardens-of-haute-bretagne\/\" target=\"_blank\" rel=\"noopener\"><img loading=\"lazy\" decoding=\"async\" class=\"alignnone wp-image-194846 size-full\" src=\"https:\/\/www.tourisme-marchesdebretagne.com\/wp-content\/uploads\/2020\/03\/Vue-sur-le-chateau-de-la-Foltiere-Parc-Botanique-de-Haute-Bretagne-4.jpeg\" alt=\"\" width=\"4288\" height=\"2848\" srcset=\"https:\/\/www.tourisme-marchesdebretagne.com\/wp-content\/uploads\/2020\/03\/Vue-sur-le-chateau-de-la-Foltiere-Parc-Botanique-de-Haute-Bretagne-4.jpeg 4288w, https:\/\/www.tourisme-marchesdebretagne.com\/wp-content\/uploads\/2020\/03\/Vue-sur-le-chateau-de-la-Foltiere-Parc-Botanique-de-Haute-Bretagne-4-300x200.jpeg 300w, https:\/\/www.tourisme-marchesdebretagne.com\/wp-content\/uploads\/2020\/03\/Vue-sur-le-chateau-de-la-Foltiere-Parc-Botanique-de-Haute-Bretagne-4-768x510.jpeg 768w, https:\/\/www.tourisme-marchesdebretagne.com\/wp-content\/uploads\/2020\/03\/Vue-sur-le-chateau-de-la-Foltiere-Parc-Botanique-de-Haute-Bretagne-4-1024x680.jpeg 1024w, https:\/\/www.tourisme-marchesdebretagne.com\/wp-content\/uploads\/2020\/03\/Vue-sur-le-chateau-de-la-Foltiere-Parc-Botanique-de-Haute-Bretagne-4-350x232.jpeg 350w, https:\/\/www.tourisme-marchesdebretagne.com\/wp-content\/uploads\/2020\/03\/Vue-sur-le-chateau-de-la-Foltiere-Parc-Botanique-de-Haute-Bretagne-4-180x120.jpeg 180w\" sizes=\"(max-width: 4288px) 100vw, 4288px\" \/><\/a><\/td>\n<td style=\"width: 50%;\">\n<p><a href=\"https:\/\/www.tourisme-marchesdebretagne.com\/en\/discover\/botanical-gardens-of-haute-bretagne\/\" target=\"_blank\" rel=\"noopener\"><img loading=\"lazy\" decoding=\"async\" class=\"alignnone wp-image-1020 size-full\" src=\"https:\/\/www.tourisme-marchesdebretagne.com\/wp-content\/uploads\/2019\/04\/Pyramides-v\u00e9g\u00e9tales-\u00a9-Parc-Botanique-de-Haute-Bretagne.jpeg\" alt=\"Pyramides v\u00e9g\u00e9tales au Parc Botanique de Haute Bretagne\" width=\"1000\" height=\"664\" srcset=\"https:\/\/www.tourisme-marchesdebretagne.com\/wp-content\/uploads\/2019\/04\/Pyramides-v\u00e9g\u00e9tales-\u00a9-Parc-Botanique-de-Haute-Bretagne.jpeg 1000w, https:\/\/www.tourisme-marchesdebretagne.com\/wp-content\/uploads\/2019\/04\/Pyramides-v\u00e9g\u00e9tales-\u00a9-Parc-Botanique-de-Haute-Bretagne-300x200.jpeg 300w, https:\/\/www.tourisme-marchesdebretagne.com\/wp-content\/uploads\/2019\/04\/Pyramides-v\u00e9g\u00e9tales-\u00a9-Parc-Botanique-de-Haute-Bretagne-768x510.jpeg 768w, https:\/\/www.tourisme-marchesdebretagne.com\/wp-content\/uploads\/2019\/04\/Pyramides-v\u00e9g\u00e9tales-\u00a9-Parc-Botanique-de-Haute-Bretagne-350x232.jpeg 350w, https:\/\/www.tourisme-marchesdebretagne.com\/wp-content\/uploads\/2019\/04\/Pyramides-v\u00e9g\u00e9tales-\u00a9-Parc-Botanique-de-Haute-Bretagne-180x120.jpeg 180w\" sizes=\"(max-width: 1000px) 100vw, 1000px\" \/><\/a><\/p>\n<\/td>\n<\/tr>\n<\/tbody>\n<\/table>\n<p>&nbsp;<\/p>\n<h2><b>\u25a0<\/b> <strong>Botanical Park of Haute Bretagne<\/strong><\/h2>\n<p>Immerse yourself in a botanical fantastic world, with his 25 thematic gardens, the Botanical Park of Haute-Bretagne invites you to live some crazy adventures: cross a curious prehistoric garden, three labyrinths, a bamboo plantation and even a tall monkey bridge! Also, to discover for families: treasure hunt, educational hive and a space dedicated to carnivorous plants!<\/p>\n<h3><strong><a href=\"https:\/\/www.tourisme-marchesdebretagne.com\/en\/discover\/botanical-gardens-of-haute-bretagne\/\" target=\"_blank\" rel=\"noopener\">\u25b6 Click here for more information about Botanical Park<\/a><\/strong><\/h3>\n<p>&nbsp;<\/p>\n<p>&nbsp;<\/p>\n<table>\n<tbody>\n<tr>\n<td>\n<p><a href=\"https:\/\/www.tourisme-marchesdebretagne.com\/decouvrir\/bazouges-la-perouse-petite-cite-de-caractere\/maison-des-voeux-bazouges-la-perouse-alamoureux\/\" rel=\"attachment wp-att-1315\"><img loading=\"lazy\" decoding=\"async\" class=\"alignnone wp-image-206926 size-full\" src=\"https:\/\/www.tourisme-marchesdebretagne.com\/wp-content\/uploads\/2019\/04\/Maison-des-Voeux-Bazouges-la-Perouse-%C2%A9-aLamoureux.jpg\" sizes=\"(max-width: 900px) 100vw, 900px\" srcset=\"https:\/\/www.tourisme-marchesdebretagne.com\/wp-content\/uploads\/2019\/04\/Maison-des-Voeux-Bazouges-la-Perouse-\u00a9-aLamoureux.jpg 900w, https:\/\/www.tourisme-marchesdebretagne.com\/wp-content\/uploads\/2019\/04\/Maison-des-Voeux-Bazouges-la-Perouse-\u00a9-aLamoureux-300x200.jpg 300w, https:\/\/www.tourisme-marchesdebretagne.com\/wp-content\/uploads\/2019\/04\/Maison-des-Voeux-Bazouges-la-Perouse-\u00a9-aLamoureux-768x512.jpg 768w, https:\/\/www.tourisme-marchesdebretagne.com\/wp-content\/uploads\/2019\/04\/Maison-des-Voeux-Bazouges-la-Perouse-\u00a9-aLamoureux-350x233.jpg 350w, https:\/\/www.tourisme-marchesdebretagne.com\/wp-content\/uploads\/2019\/04\/Maison-des-Voeux-Bazouges-la-Perouse-\u00a9-aLamoureux-180x120.jpg 180w\" alt=\"\" width=\"900\" height=\"600\" \/><\/a><\/p>\n<\/td>\n<td>\n<p><a href=\"https:\/\/www.tourisme-marchesdebretagne.com\/decouvrir\/bazouges-la-perouse-petite-cite-de-caractere\/visage-de-granit-bazouges-la-perouse-alamoureux\/\" rel=\"attachment wp-att-1309\"><img loading=\"lazy\" decoding=\"async\" class=\"alignnone wp-image-206928 size-full\" src=\"https:\/\/www.tourisme-marchesdebretagne.com\/wp-content\/uploads\/2019\/04\/Visage-de-granit-Bazouges-la-Perouse-%C2%A9-aLamoureux.jpg\" sizes=\"(max-width: 900px) 100vw, 900px\" srcset=\"https:\/\/www.tourisme-marchesdebretagne.com\/wp-content\/uploads\/2019\/04\/Visage-de-granit-Bazouges-la-Perouse-\u00a9-aLamoureux.jpg 900w, https:\/\/www.tourisme-marchesdebretagne.com\/wp-content\/uploads\/2019\/04\/Visage-de-granit-Bazouges-la-Perouse-\u00a9-aLamoureux-300x200.jpg 300w, https:\/\/www.tourisme-marchesdebretagne.com\/wp-content\/uploads\/2019\/04\/Visage-de-granit-Bazouges-la-Perouse-\u00a9-aLamoureux-768x512.jpg 768w, https:\/\/www.tourisme-marchesdebretagne.com\/wp-content\/uploads\/2019\/04\/Visage-de-granit-Bazouges-la-Perouse-\u00a9-aLamoureux-350x233.jpg 350w, https:\/\/www.tourisme-marchesdebretagne.com\/wp-content\/uploads\/2019\/04\/Visage-de-granit-Bazouges-la-Perouse-\u00a9-aLamoureux-180x120.jpg 180w\" alt=\"\" width=\"900\" height=\"600\" \/><\/a><\/p>\n<\/td>\n<\/tr>\n<\/tbody>\n<\/table>\n<p style=\"font-size: 16px; font-weight: 400;\">\u00a0<\/p>\n<h2><b>\u25a0 <\/b><strong>Treasure hunt in Bazouges-la-P\u00e9rouse<\/strong><\/h2>\n<p>In the medieval village of Bazouges-la-P\u00e9rouse, go for a treasure hunt \u201cIn the footsteps of the Lord of Bazouges\u201c starting at the Tourist Office. Equipped with a bundle full of usefull objects for your quest, solve riddles for access the treasure of the Lord !<\/p>\n<h3><strong><a href=\"https:\/\/www.tourisme-marchesdebretagne.com\/?post_type=decouvrir&amp;p=437\" target=\"_blank\" rel=\"noopener\">\u25b6 <\/a><\/strong><a href=\"https:\/\/www.tourisme-marchesdebretagne.com\/decouvrir\/chasse-au-tresor-sur-les-pas-du-seigneur-de-bazouges\/\"> Click here for discover this treasure hunt<\/a><\/h3>\n<p>&nbsp;<\/p>\n<p>&nbsp;<\/p>\n<table style=\"border-collapse: collapse; width: 100%; height: 246px;\">\n<tbody>\n<tr style=\"height: 246px;\">\n<td style=\"width: 425.636px; height: 246px;\">\n<p><a href=\"https:\/\/www.tourisme-marchesdebretagne.com\/en\/discover\/garden-of-water\/\" target=\"_blank\" rel=\"noopener\"><img loading=\"lazy\" decoding=\"async\" class=\"alignnone wp-image-1376 size-full\" src=\"https:\/\/www.tourisme-marchesdebretagne.com\/wp-content\/uploads\/2019\/04\/Le-Jardin-de-leau-Entr\u00e9e-\u00a9-OT-CMB.jpg\" alt=\"Le Jardin de l'eau - Entr\u00e9e\" width=\"1000\" height=\"750\" srcset=\"https:\/\/www.tourisme-marchesdebretagne.com\/wp-content\/uploads\/2019\/04\/Le-Jardin-de-leau-Entr\u00e9e-\u00a9-OT-CMB.jpg 1000w, https:\/\/www.tourisme-marchesdebretagne.com\/wp-content\/uploads\/2019\/04\/Le-Jardin-de-leau-Entr\u00e9e-\u00a9-OT-CMB-300x225.jpg 300w, https:\/\/www.tourisme-marchesdebretagne.com\/wp-content\/uploads\/2019\/04\/Le-Jardin-de-leau-Entr\u00e9e-\u00a9-OT-CMB-768x576.jpg 768w, https:\/\/www.tourisme-marchesdebretagne.com\/wp-content\/uploads\/2019\/04\/Le-Jardin-de-leau-Entr\u00e9e-\u00a9-OT-CMB-350x263.jpg 350w\" sizes=\"(max-width: 1000px) 100vw, 1000px\" \/><\/a><\/p>\n<\/td>\n<td style=\"width: 424.909px; height: 246px;\">\n<p><a href=\"https:\/\/www.tourisme-marchesdebretagne.com\/en\/discover\/garden-of-water\/\" target=\"_blank\" rel=\"noopener\"><img loading=\"lazy\" decoding=\"async\" class=\"alignnone wp-image-1386 size-full\" src=\"https:\/\/www.tourisme-marchesdebretagne.com\/wp-content\/uploads\/2019\/04\/Le-Jardin-de-leau-Sur-le-pont-ludique-\u00a9-OT-CMB.jpg\" alt=\"Le Jardin de l'eau - Sur le pont ludique\" width=\"1000\" height=\"750\" srcset=\"https:\/\/www.tourisme-marchesdebretagne.com\/wp-content\/uploads\/2019\/04\/Le-Jardin-de-leau-Sur-le-pont-ludique-\u00a9-OT-CMB.jpg 1000w, https:\/\/www.tourisme-marchesdebretagne.com\/wp-content\/uploads\/2019\/04\/Le-Jardin-de-leau-Sur-le-pont-ludique-\u00a9-OT-CMB-300x225.jpg 300w, https:\/\/www.tourisme-marchesdebretagne.com\/wp-content\/uploads\/2019\/04\/Le-Jardin-de-leau-Sur-le-pont-ludique-\u00a9-OT-CMB-768x576.jpg 768w, https:\/\/www.tourisme-marchesdebretagne.com\/wp-content\/uploads\/2019\/04\/Le-Jardin-de-leau-Sur-le-pont-ludique-\u00a9-OT-CMB-350x263.jpg 350w\" sizes=\"(max-width: 1000px) 100vw, 1000px\" \/><\/a><\/p>\n<\/td>\n<\/tr>\n<\/tbody>\n<\/table>\n<h2>\u00a0<\/h2>\n<h2><b>\u25a0 The Garden of water<\/b><\/h2>\n<p>&nbsp;<\/p>\n<p>Go discovering this beautiful green setting composed of wetlands and wooded area. A walk on 6-hectare awaits you, freely accessible all the time, where you can enjoy the fun walk mixing visual and tactile playground on fauna and flora, and play area for children.<\/p>\n<h3><a href=\"https:\/\/www.tourisme-marchesdebretagne.com\/en\/discover\/garden-of-water\/\" target=\"_blank\" rel=\"noopener\"><strong>\u25b6 <\/strong> Click here for more information about the Garden of water<\/a><\/h3>\n<p>&nbsp;<\/p>\n<p>&nbsp;<\/p>\n<table style=\"border-collapse: collapse; width: 100%;\">\n<tbody>\n<tr>\n<td style=\"width: 50%;\">\n<p><a href=\"https:\/\/www.tourisme-marchesdebretagne.com\/decouvrir\/parc-animalier-du-chemin-des-iles\/\" target=\"_blank\" rel=\"noopener\"><img loading=\"lazy\" decoding=\"async\" class=\"alignnone wp-image-1488 size-full\" src=\"https:\/\/www.tourisme-marchesdebretagne.com\/wp-content\/uploads\/2019\/06\/Lama-cach\u00e9-Chemin-des-Iles-Tremblay-\u00a9-Sten-Duparc-e1559898449915.jpg\" alt=\"Lama cach\u00e9 - Chemin des Iles - Tremblay\" width=\"1000\" height=\"664\" \/><\/a><\/p>\n<\/td>\n<td style=\"width: 50%;\">\n<p><a href=\"https:\/\/www.tourisme-marchesdebretagne.com\/decouvrir\/parc-animalier-du-chemin-des-iles\/\" target=\"_blank\" rel=\"noopener\"><img loading=\"lazy\" decoding=\"async\" class=\"alignnone wp-image-192244 size-full\" src=\"https:\/\/www.tourisme-marchesdebretagne.com\/wp-content\/uploads\/2019\/06\/nes-Chemin-des-Iles-Tremblay-\u00a9-Sten-Duparc-e1578566424439.jpg\" alt=\"\u00c2nes - Chemin des Iles - Tremblay\" width=\"1000\" height=\"664\" \/><\/a><\/p>\n<\/td>\n<\/tr>\n<\/tbody>\n<\/table>\n<h2>\u00a0<\/h2>\n<h2><b>\u25a0 Animal park \u2013 Little parc <\/b><\/h2>\n<p>Go along artistic trail along more than one kilometer long. You discover an accessible free of charge park, where you meet multiple animals during the walk : pygmy goat, lamas, Rumiania donkeys, Jacob\u2019s sheep, Scoland cows\u2026<\/p>\n<h3><a href=\"https:\/\/www.tourisme-marchesdebretagne.com\/en\/discover\/little-parc-animal-park\/\" target=\"_blank\" rel=\"noopener\"><strong>\u25b6 Click here for discover the animal park<\/strong><\/a><\/h3>\n","protected":false},"excerpt":{"rendered":"<p>Ideas of visits for families near Foug\u00e8res &nbsp; Are you looking for visits and adventures ideal for all the family ? Discover amazing places only a few minutes by car from Foug\u00e8res. Among leisure base, castles, parks and gardens, the land of Couesnon Marches de Bretagne show you multiple places to explore : \u00a0 &nbsp; [&hellip;]<\/p>\n","protected":false},"author":4,"featured_media":0,"parent":0,"menu_order":0,"comment_status":"closed","ping_status":"closed","template":"","meta":{"footnotes":""},"acf":[],"yoast_head":"<!-- This site is optimized with the Yoast SEO plugin v18.4.1 - https:\/\/yoast.com\/wordpress\/plugins\/seo\/ -->\n<title>Ideas of visits for families near Foug\u00e8res - OT CMB<\/title>\n<meta name=\"description\" content=\"Find on this page all the informations to make somes visits, ideal for families, near the city of Foug\u00e8res.\" \/>\n<meta name=\"robots\" content=\"index, follow, max-snippet:-1, max-image-preview:large, max-video-preview:-1\" \/>\n<link rel=\"canonical\" href=\"https:\/\/www.tourisme-marchesdebretagne.com\/en\/ideas-visits-families-near-fougeres\/\" \/>\n<meta property=\"og:locale\" content=\"en_US\" \/>\n<meta property=\"og:type\" content=\"article\" \/>\n<meta property=\"og:title\" content=\"Ideas of visits for families near Foug\u00e8res - OT CMB\" \/>\n<meta property=\"og:description\" content=\"Find on this page all the informations to make somes visits, ideal for families, near the city of Foug\u00e8res.\" \/>\n<meta property=\"og:url\" content=\"https:\/\/www.tourisme-marchesdebretagne.com\/en\/ideas-visits-families-near-fougeres\/\" \/>\n<meta property=\"og:site_name\" content=\"Office de tourisme Couesnon Marches de Bretagne\" \/>\n<meta property=\"article:modified_time\" content=\"2026-02-13T13:17:24+00:00\" \/>\n<meta property=\"og:image\" content=\"https:\/\/www.tourisme-marchesdebretagne.com\/wp-content\/uploads\/2019\/06\/Port-miniature-de-Villecartier-Embarquement-\u00a9-Sten-Duparc-1.jpg-1-e1560246403923.jpg\" \/>\n<meta name=\"twitter:card\" content=\"summary_large_image\" \/>\n<meta name=\"twitter:label1\" content=\"Est. reading time\" \/>\n\t<meta name=\"twitter:data1\" content=\"5 minutes\" \/>\n<script type=\"application\/ld+json\" class=\"yoast-schema-graph\">{\"@context\":\"https:\/\/schema.org\",\"@graph\":[{\"@type\":\"Organization\",\"@id\":\"https:\/\/www.tourisme-marchesdebretagne.com\/en\/#organization\",\"name\":\"R\u00e9sultats de recherche R\u00e9sultats Web http:\/\/www.tourisme-marchesdebretagne.com\/www.tourisme-marchesdebretagne.com \u203a marches March\u00e9s - Office de Tourisme Couesnon Marches de Bretagne\",\"url\":\"https:\/\/www.tourisme-marchesdebretagne.com\/en\/\",\"sameAs\":[],\"logo\":{\"@type\":\"ImageObject\",\"@id\":\"https:\/\/www.tourisme-marchesdebretagne.com\/en\/#logo\",\"inLanguage\":\"en-US\",\"url\":\"https:\/\/www.tourisme-marchesdebretagne.com\/wp-content\/uploads\/2019\/12\/header_logo_grand.png\",\"contentUrl\":\"https:\/\/www.tourisme-marchesdebretagne.com\/wp-content\/uploads\/2019\/12\/header_logo_grand.png\",\"width\":280,\"height\":76,\"caption\":\"R\u00e9sultats de recherche R\u00e9sultats Web http:\/\/www.tourisme-marchesdebretagne.com\/www.tourisme-marchesdebretagne.com \u203a marches March\u00e9s - Office de Tourisme Couesnon Marches de Bretagne\"},\"image\":{\"@id\":\"https:\/\/www.tourisme-marchesdebretagne.com\/en\/#logo\"}},{\"@type\":\"WebSite\",\"@id\":\"https:\/\/www.tourisme-marchesdebretagne.com\/en\/#website\",\"url\":\"https:\/\/www.tourisme-marchesdebretagne.com\/en\/\",\"name\":\"Office de tourisme Couesnon Marches de Bretagne\",\"description\":\"Le site officiel de l&#039;Office de Tourisme Couesnon Marches de Bretagne \u00e0 Bazouges-la-P\u00e9rouse et Maen Roch en Ille-et-Vilaine.\",\"publisher\":{\"@id\":\"https:\/\/www.tourisme-marchesdebretagne.com\/en\/#organization\"},\"potentialAction\":[{\"@type\":\"SearchAction\",\"target\":{\"@type\":\"EntryPoint\",\"urlTemplate\":\"https:\/\/www.tourisme-marchesdebretagne.com\/en\/?s={search_term_string}\"},\"query-input\":\"required name=search_term_string\"}],\"inLanguage\":\"en-US\"},{\"@type\":\"ImageObject\",\"@id\":\"https:\/\/www.tourisme-marchesdebretagne.com\/en\/ideas-visits-families-near-fougeres\/#primaryimage\",\"inLanguage\":\"en-US\",\"url\":\"https:\/\/www.tourisme-marchesdebretagne.com\/wp-content\/uploads\/2019\/06\/Port-miniature-de-Villecartier-Embarquement-\u00a9-Sten-Duparc-1.jpg-1-e1560246403923.jpg\",\"contentUrl\":\"https:\/\/www.tourisme-marchesdebretagne.com\/wp-content\/uploads\/2019\/06\/Port-miniature-de-Villecartier-Embarquement-\u00a9-Sten-Duparc-1.jpg-1-e1560246403923.jpg\",\"width\":1000,\"height\":664,\"caption\":\"Port miniature de Villecartier - Embarquement\"},{\"@type\":\"WebPage\",\"@id\":\"https:\/\/www.tourisme-marchesdebretagne.com\/en\/ideas-visits-families-near-fougeres\/#webpage\",\"url\":\"https:\/\/www.tourisme-marchesdebretagne.com\/en\/ideas-visits-families-near-fougeres\/\",\"name\":\"Ideas of visits for families near Foug\u00e8res - OT CMB\",\"isPartOf\":{\"@id\":\"https:\/\/www.tourisme-marchesdebretagne.com\/en\/#website\"},\"primaryImageOfPage\":{\"@id\":\"https:\/\/www.tourisme-marchesdebretagne.com\/en\/ideas-visits-families-near-fougeres\/#primaryimage\"},\"datePublished\":\"2021-04-27T13:55:37+00:00\",\"dateModified\":\"2026-02-13T13:17:24+00:00\",\"description\":\"Find on this page all the informations to make somes visits, ideal for families, near the city of Foug\u00e8res.\",\"breadcrumb\":{\"@id\":\"https:\/\/www.tourisme-marchesdebretagne.com\/en\/ideas-visits-families-near-fougeres\/#breadcrumb\"},\"inLanguage\":\"en-US\",\"potentialAction\":[{\"@type\":\"ReadAction\",\"target\":[\"https:\/\/www.tourisme-marchesdebretagne.com\/en\/ideas-visits-families-near-fougeres\/\"]}]},{\"@type\":\"BreadcrumbList\",\"@id\":\"https:\/\/www.tourisme-marchesdebretagne.com\/en\/ideas-visits-families-near-fougeres\/#breadcrumb\",\"itemListElement\":[{\"@type\":\"ListItem\",\"position\":1,\"name\":\"Accueil\",\"item\":\"https:\/\/www.tourisme-marchesdebretagne.com\/en\/\"},{\"@type\":\"ListItem\",\"position\":2,\"name\":\"Ideas of visits for families near Foug\u00e8res\"}]}]}<\/script>\n<!-- \/ Yoast SEO plugin. -->","yoast_head_json":{"title":"Ideas of visits for families near Foug\u00e8res - OT CMB","description":"Find on this page all the informations to make somes visits, ideal for families, near the city of Foug\u00e8res.","robots":{"index":"index","follow":"follow","max-snippet":"max-snippet:-1","max-image-preview":"max-image-preview:large","max-video-preview":"max-video-preview:-1"},"canonical":"https:\/\/www.tourisme-marchesdebretagne.com\/en\/ideas-visits-families-near-fougeres\/","og_locale":"en_US","og_type":"article","og_title":"Ideas of visits for families near Foug\u00e8res - OT CMB","og_description":"Find on this page all the informations to make somes visits, ideal for families, near the city of Foug\u00e8res.","og_url":"https:\/\/www.tourisme-marchesdebretagne.com\/en\/ideas-visits-families-near-fougeres\/","og_site_name":"Office de tourisme Couesnon Marches de Bretagne","article_modified_time":"2026-02-13T13:17:24+00:00","og_image":[{"url":"https:\/\/www.tourisme-marchesdebretagne.com\/wp-content\/uploads\/2019\/06\/Port-miniature-de-Villecartier-Embarquement-\u00a9-Sten-Duparc-1.jpg-1-e1560246403923.jpg"}],"twitter_card":"summary_large_image","twitter_misc":{"Est. reading time":"5 minutes"},"schema":{"@context":"https:\/\/schema.org","@graph":[{"@type":"Organization","@id":"https:\/\/www.tourisme-marchesdebretagne.com\/en\/#organization","name":"R\u00e9sultats de recherche R\u00e9sultats Web http:\/\/www.tourisme-marchesdebretagne.com\/www.tourisme-marchesdebretagne.com \u203a marches March\u00e9s - Office de Tourisme Couesnon Marches de Bretagne","url":"https:\/\/www.tourisme-marchesdebretagne.com\/en\/","sameAs":[],"logo":{"@type":"ImageObject","@id":"https:\/\/www.tourisme-marchesdebretagne.com\/en\/#logo","inLanguage":"en-US","url":"https:\/\/www.tourisme-marchesdebretagne.com\/wp-content\/uploads\/2019\/12\/header_logo_grand.png","contentUrl":"https:\/\/www.tourisme-marchesdebretagne.com\/wp-content\/uploads\/2019\/12\/header_logo_grand.png","width":280,"height":76,"caption":"R\u00e9sultats de recherche R\u00e9sultats Web http:\/\/www.tourisme-marchesdebretagne.com\/www.tourisme-marchesdebretagne.com \u203a marches March\u00e9s - Office de Tourisme Couesnon Marches de Bretagne"},"image":{"@id":"https:\/\/www.tourisme-marchesdebretagne.com\/en\/#logo"}},{"@type":"WebSite","@id":"https:\/\/www.tourisme-marchesdebretagne.com\/en\/#website","url":"https:\/\/www.tourisme-marchesdebretagne.com\/en\/","name":"Office de tourisme Couesnon Marches de Bretagne","description":"Le site officiel de l&#039;Office de Tourisme Couesnon Marches de Bretagne \u00e0 Bazouges-la-P\u00e9rouse et Maen Roch en Ille-et-Vilaine.","publisher":{"@id":"https:\/\/www.tourisme-marchesdebretagne.com\/en\/#organization"},"potentialAction":[{"@type":"SearchAction","target":{"@type":"EntryPoint","urlTemplate":"https:\/\/www.tourisme-marchesdebretagne.com\/en\/?s={search_term_string}"},"query-input":"required name=search_term_string"}],"inLanguage":"en-US"},{"@type":"ImageObject","@id":"https:\/\/www.tourisme-marchesdebretagne.com\/en\/ideas-visits-families-near-fougeres\/#primaryimage","inLanguage":"en-US","url":"https:\/\/www.tourisme-marchesdebretagne.com\/wp-content\/uploads\/2019\/06\/Port-miniature-de-Villecartier-Embarquement-\u00a9-Sten-Duparc-1.jpg-1-e1560246403923.jpg","contentUrl":"https:\/\/www.tourisme-marchesdebretagne.com\/wp-content\/uploads\/2019\/06\/Port-miniature-de-Villecartier-Embarquement-\u00a9-Sten-Duparc-1.jpg-1-e1560246403923.jpg","width":1000,"height":664,"caption":"Port miniature de Villecartier - Embarquement"},{"@type":"WebPage","@id":"https:\/\/www.tourisme-marchesdebretagne.com\/en\/ideas-visits-families-near-fougeres\/#webpage","url":"https:\/\/www.tourisme-marchesdebretagne.com\/en\/ideas-visits-families-near-fougeres\/","name":"Ideas of visits for families near Foug\u00e8res - OT CMB","isPartOf":{"@id":"https:\/\/www.tourisme-marchesdebretagne.com\/en\/#website"},"primaryImageOfPage":{"@id":"https:\/\/www.tourisme-marchesdebretagne.com\/en\/ideas-visits-families-near-fougeres\/#primaryimage"},"datePublished":"2021-04-27T13:55:37+00:00","dateModified":"2026-02-13T13:17:24+00:00","description":"Find on this page all the informations to make somes visits, ideal for families, near the city of Foug\u00e8res.","breadcrumb":{"@id":"https:\/\/www.tourisme-marchesdebretagne.com\/en\/ideas-visits-families-near-fougeres\/#breadcrumb"},"inLanguage":"en-US","potentialAction":[{"@type":"ReadAction","target":["https:\/\/www.tourisme-marchesdebretagne.com\/en\/ideas-visits-families-near-fougeres\/"]}]},{"@type":"BreadcrumbList","@id":"https:\/\/www.tourisme-marchesdebretagne.com\/en\/ideas-visits-families-near-fougeres\/#breadcrumb","itemListElement":[{"@type":"ListItem","position":1,"name":"Accueil","item":"https:\/\/www.tourisme-marchesdebretagne.com\/en\/"},{"@type":"ListItem","position":2,"name":"Ideas of visits for families near Foug\u00e8res"}]}]}},"_links":{"self":[{"href":"https:\/\/www.tourisme-marchesdebretagne.com\/en\/wp-json\/wp\/v2\/pages\/241934"}],"collection":[{"href":"https:\/\/www.tourisme-marchesdebretagne.com\/en\/wp-json\/wp\/v2\/pages"}],"about":[{"href":"https:\/\/www.tourisme-marchesdebretagne.com\/en\/wp-json\/wp\/v2\/types\/page"}],"author":[{"embeddable":true,"href":"https:\/\/www.tourisme-marchesdebretagne.com\/en\/wp-json\/wp\/v2\/users\/4"}],"replies":[{"embeddable":true,"href":"https:\/\/www.tourisme-marchesdebretagne.com\/en\/wp-json\/wp\/v2\/comments?post=241934"}],"version-history":[{"count":3,"href":"https:\/\/www.tourisme-marchesdebretagne.com\/en\/wp-json\/wp\/v2\/pages\/241934\/revisions"}],"predecessor-version":[{"id":241935,"href":"https:\/\/www.tourisme-marchesdebretagne.com\/en\/wp-json\/wp\/v2\/pages\/241934\/revisions\/241935"}],"wp:attachment":[{"href":"https:\/\/www.tourisme-marchesdebretagne.com\/en\/wp-json\/wp\/v2\/media?parent=241934"}],"curies":[{"name":"wp","href":"https:\/\/api.w.org\/{rel}","templated":true}]}}