{"id":675,"date":"2019-03-11T14:31:18","date_gmt":"2019-03-11T13:31:18","guid":{"rendered":"https:\/\/www.tourisme-marchesdebretagne.com\/lassociation\/"},"modified":"2022-11-23T10:49:24","modified_gmt":"2022-11-23T09:49:24","slug":"our-association","status":"publish","type":"page","link":"https:\/\/www.tourisme-marchesdebretagne.com\/en\/our-association\/","title":{"rendered":"Our association"},"content":{"rendered":"<p><a href=\"https:\/\/www.tourisme-marchesdebretagne.com\/en\/our-association\/ag-2021-bandeau-2\/\" rel=\"attachment wp-att-212457\"><img loading=\"lazy\" decoding=\"async\" class=\"alignnone size-full wp-image-212457\" src=\"https:\/\/www.tourisme-marchesdebretagne.com\/wp-content\/uploads\/2022\/11\/AG-2021-Bandeau.jpg\" alt=\"\" width=\"800\" height=\"282\" srcset=\"https:\/\/www.tourisme-marchesdebretagne.com\/wp-content\/uploads\/2022\/11\/AG-2021-Bandeau.jpg 800w, https:\/\/www.tourisme-marchesdebretagne.com\/wp-content\/uploads\/2022\/11\/AG-2021-Bandeau-300x106.jpg 300w, https:\/\/www.tourisme-marchesdebretagne.com\/wp-content\/uploads\/2022\/11\/AG-2021-Bandeau-768x271.jpg 768w, https:\/\/www.tourisme-marchesdebretagne.com\/wp-content\/uploads\/2022\/11\/AG-2021-Bandeau-350x123.jpg 350w\" sizes=\"(max-width: 800px) 100vw, 800px\" \/><\/a><\/p>\n<p>&nbsp;<\/p>\n<p>The Tourist Office Couesnon Marches de Bretagne, association, is a service of public interest. It a has for purpose to study and implement measures to develop the tourism. It&#8217;s bornfrom the melting of the Tourist Office of Villecartier dans the Tourist Office of Coglais in 2017.<\/p>\n<p>It work for the territory of <a href=\"http:\/\/www.couesnon-marchesdebretagne.fr\/\" target=\"_blank\" rel=\"noopener noreferrer\">Couesnon Marches de Bretagne<\/a> (15 villages) : Bazouges-la-P\u00e9rouse, Chauvign\u00e9, Le Ch\u00e2tellier, Le Tiercent, Les Portes du Coglais, Maen Roch, Marcill\u00e9-Raoul, Noyal-sous-Bazouges, Rimou, Romazy, Saint-Germain-en-Cogl\u00e8s, Saint-Hilaire-des-Landes, Saint-Marc-le-Blanc, Saint-R\u00e9my-du-Plain and Val-Couesnon.<\/p>\n<h3>\u00a0<\/h3>\n<h3>Our missions<\/h3>\n<p>&nbsp;<\/p>\n<p>The Tourist Office provides welcoming and information for tourist as inhabitants, the tourism promoting and the organization of touristic events. It ontributes to coordinate the interventions of many local touristic professionals.<br \/>\nIt can be charged of all or a part of the creation and implementation of the local tourisme policy and of the local touristic development projects, so as in the field of elaborating touristic services, exploitation of installation for tourism or leisure, studies or animation of the leisure activities.<\/p>\n<p>&nbsp;<\/p>\n<h3>The association<\/h3>\n<p>&nbsp;<\/p>\n<p>\nThe Tourist Office Couesnon Marches de Bretagne, is composed by :<\/p>\n<ul>\n<li>volunteers paying their contribution and participating at the association life : individuals, professionals and structures involved in tourism in our area.<\/li>\n<li>members dy right designated as representative of the <span id=\"ctl00_cC_ucResEM_lblTranslation\" class=\"tgtColl\" lang=\"1033\">public authorities<\/span>.<\/li>\n<\/ul>\n<p>&nbsp;<\/p>\n<p><strong>Association &#8220;bureau&#8221; (main members) :<\/strong><\/p>\n<p><strong>President<\/strong> &#8211; Mr MASSON Pierre (host)<\/p>\n<p><strong>Vice-President &#8211;<\/strong> Mrs BANNIER Maryvonne (inhabitant)<\/p>\n<p><strong>Treasurer <\/strong>&#8211; Mr SAINT-MLEUX Xavier (inhabitant)<\/p>\n<p><strong>Treasurer<\/strong> <strong>assistant<\/strong> &#8211; Mr DRUBAY Patrick (host)<\/p>\n<p><strong>Secretary <\/strong>&#8211; Mr. ARRIBARD Eric (president of the APPAC association)<\/p>\n<p><strong>Secretary assistant<\/strong> &#8211; Mrs DUBREIL Estelle (host)<\/p>\n<p><strong>Representative of Couesnon Marches de Bretagne <\/strong>&#8211; Mrs MEIGNAN Laetitia (vice-chair in charge of Tourism) and Mr. JANVIER Thomas (vice-chair in charge of Culture and Communication)<\/p>\n<p>&nbsp;<\/p>\n<p><strong>Tourist Office staff :<\/strong><\/p>\n<p>Erwan DETOC, person in charge of the Tourist Office<\/p>\n<p>Florian YVER, tourism advisor<\/p>\n<p>Anne-Mich\u00e8le GAUCHARD-BUFFET, tourism advisor<\/p>\n<p>Patrick KIEFFER, tourism advisor<\/p>\n<p>&nbsp;<\/p>\n<h3>Join our association<\/h3>\n<p>&nbsp;<\/p>\n<p>Everybody can join the association for an amount of 5 \u20ac.<\/p>\n<p>Joining is also possible for associations, local food producers, craftmens, artists, accomodation owners, restaurants owners, leisure activity center with a particular offer, including a highlight on this website and on some leaflets printed and spread on all our territory.<\/p>\n<p>For any information about joining, you can call us at the +33 (0)2 99 97 40 94 or at the +33 (0)2 99 97 85 44.<\/p>\n","protected":false},"excerpt":{"rendered":"<p>&nbsp; The Tourist Office Couesnon Marches de Bretagne, association, is a service of public interest. It a has for purpose to study and implement measures to develop the tourism. It&#8217;s bornfrom the melting of the Tourist Office of Villecartier dans the Tourist Office of Coglais in 2017. It work for the territory of Couesnon Marches [&hellip;]<\/p>\n","protected":false},"author":2,"featured_media":0,"parent":0,"menu_order":0,"comment_status":"closed","ping_status":"closed","template":"","meta":{"footnotes":""},"acf":[],"yoast_head":"<!-- This site is optimized with the Yoast SEO plugin v18.4.1 - https:\/\/yoast.com\/wordpress\/plugins\/seo\/ -->\n<title>Our association - Office de tourisme Couesnon Marches de Bretagne<\/title>\n<meta name=\"description\" content=\"Discover the association of the Tourist Office Couesnon Marches de Bretagne which contributes to the welcoming and promotion of the tourism of its area.\" \/>\n<meta name=\"robots\" content=\"index, follow, max-snippet:-1, max-image-preview:large, max-video-preview:-1\" \/>\n<link rel=\"canonical\" href=\"https:\/\/www.tourisme-marchesdebretagne.com\/en\/our-association\/\" \/>\n<meta property=\"og:locale\" content=\"en_US\" \/>\n<meta property=\"og:type\" content=\"article\" \/>\n<meta property=\"og:title\" content=\"Our association - Office de tourisme Couesnon Marches de Bretagne\" \/>\n<meta property=\"og:description\" content=\"Discover the association of the Tourist Office Couesnon Marches de Bretagne which contributes to the welcoming and promotion of the tourism of its area.\" \/>\n<meta property=\"og:url\" content=\"https:\/\/www.tourisme-marchesdebretagne.com\/en\/our-association\/\" \/>\n<meta property=\"og:site_name\" content=\"Office de tourisme Couesnon Marches de Bretagne\" \/>\n<meta property=\"article:modified_time\" content=\"2022-11-23T09:49:24+00:00\" \/>\n<meta property=\"og:image\" content=\"https:\/\/www.tourisme-marchesdebretagne.com\/wp-content\/uploads\/2022\/11\/AG-2021-Bandeau.jpg\" \/>\n<meta name=\"twitter:card\" content=\"summary_large_image\" \/>\n<meta name=\"twitter:label1\" content=\"Est. reading time\" \/>\n\t<meta name=\"twitter:data1\" content=\"2 minutes\" \/>\n<script type=\"application\/ld+json\" class=\"yoast-schema-graph\">{\"@context\":\"https:\/\/schema.org\",\"@graph\":[{\"@type\":\"Organization\",\"@id\":\"https:\/\/www.tourisme-marchesdebretagne.com\/en\/#organization\",\"name\":\"R\u00e9sultats de recherche R\u00e9sultats Web http:\/\/www.tourisme-marchesdebretagne.com\/www.tourisme-marchesdebretagne.com \u203a marches March\u00e9s - Office de Tourisme Couesnon Marches de Bretagne\",\"url\":\"https:\/\/www.tourisme-marchesdebretagne.com\/en\/\",\"sameAs\":[],\"logo\":{\"@type\":\"ImageObject\",\"@id\":\"https:\/\/www.tourisme-marchesdebretagne.com\/en\/#logo\",\"inLanguage\":\"en-US\",\"url\":\"https:\/\/www.tourisme-marchesdebretagne.com\/wp-content\/uploads\/2019\/12\/header_logo_grand.png\",\"contentUrl\":\"https:\/\/www.tourisme-marchesdebretagne.com\/wp-content\/uploads\/2019\/12\/header_logo_grand.png\",\"width\":280,\"height\":76,\"caption\":\"R\u00e9sultats de recherche R\u00e9sultats Web http:\/\/www.tourisme-marchesdebretagne.com\/www.tourisme-marchesdebretagne.com \u203a marches March\u00e9s - Office de Tourisme Couesnon Marches de Bretagne\"},\"image\":{\"@id\":\"https:\/\/www.tourisme-marchesdebretagne.com\/en\/#logo\"}},{\"@type\":\"WebSite\",\"@id\":\"https:\/\/www.tourisme-marchesdebretagne.com\/en\/#website\",\"url\":\"https:\/\/www.tourisme-marchesdebretagne.com\/en\/\",\"name\":\"Office de tourisme Couesnon Marches de Bretagne\",\"description\":\"Le site officiel de l&#039;Office de Tourisme Couesnon Marches de Bretagne \u00e0 Bazouges-la-P\u00e9rouse et Maen Roch en Ille-et-Vilaine.\",\"publisher\":{\"@id\":\"https:\/\/www.tourisme-marchesdebretagne.com\/en\/#organization\"},\"potentialAction\":[{\"@type\":\"SearchAction\",\"target\":{\"@type\":\"EntryPoint\",\"urlTemplate\":\"https:\/\/www.tourisme-marchesdebretagne.com\/en\/?s={search_term_string}\"},\"query-input\":\"required name=search_term_string\"}],\"inLanguage\":\"en-US\"},{\"@type\":\"ImageObject\",\"@id\":\"https:\/\/www.tourisme-marchesdebretagne.com\/en\/our-association\/#primaryimage\",\"inLanguage\":\"en-US\",\"url\":\"https:\/\/www.tourisme-marchesdebretagne.com\/wp-content\/uploads\/2022\/11\/AG-2021-Bandeau.jpg\",\"contentUrl\":\"https:\/\/www.tourisme-marchesdebretagne.com\/wp-content\/uploads\/2022\/11\/AG-2021-Bandeau.jpg\",\"width\":800,\"height\":282},{\"@type\":\"WebPage\",\"@id\":\"https:\/\/www.tourisme-marchesdebretagne.com\/en\/our-association\/#webpage\",\"url\":\"https:\/\/www.tourisme-marchesdebretagne.com\/en\/our-association\/\",\"name\":\"Our association - Office de tourisme Couesnon Marches de Bretagne\",\"isPartOf\":{\"@id\":\"https:\/\/www.tourisme-marchesdebretagne.com\/en\/#website\"},\"primaryImageOfPage\":{\"@id\":\"https:\/\/www.tourisme-marchesdebretagne.com\/en\/our-association\/#primaryimage\"},\"datePublished\":\"2019-03-11T13:31:18+00:00\",\"dateModified\":\"2022-11-23T09:49:24+00:00\",\"description\":\"Discover the association of the Tourist Office Couesnon Marches de Bretagne which contributes to the welcoming and promotion of the tourism of its area.\",\"breadcrumb\":{\"@id\":\"https:\/\/www.tourisme-marchesdebretagne.com\/en\/our-association\/#breadcrumb\"},\"inLanguage\":\"en-US\",\"potentialAction\":[{\"@type\":\"ReadAction\",\"target\":[\"https:\/\/www.tourisme-marchesdebretagne.com\/en\/our-association\/\"]}]},{\"@type\":\"BreadcrumbList\",\"@id\":\"https:\/\/www.tourisme-marchesdebretagne.com\/en\/our-association\/#breadcrumb\",\"itemListElement\":[{\"@type\":\"ListItem\",\"position\":1,\"name\":\"Accueil\",\"item\":\"https:\/\/www.tourisme-marchesdebretagne.com\/en\/\"},{\"@type\":\"ListItem\",\"position\":2,\"name\":\"Our association\"}]}]}<\/script>\n<!-- \/ Yoast SEO plugin. -->","yoast_head_json":{"title":"Our association - Office de tourisme Couesnon Marches de Bretagne","description":"Discover the association of the Tourist Office Couesnon Marches de Bretagne which contributes to the welcoming and promotion of the tourism of its area.","robots":{"index":"index","follow":"follow","max-snippet":"max-snippet:-1","max-image-preview":"max-image-preview:large","max-video-preview":"max-video-preview:-1"},"canonical":"https:\/\/www.tourisme-marchesdebretagne.com\/en\/our-association\/","og_locale":"en_US","og_type":"article","og_title":"Our association - Office de tourisme Couesnon Marches de Bretagne","og_description":"Discover the association of the Tourist Office Couesnon Marches de Bretagne which contributes to the welcoming and promotion of the tourism of its area.","og_url":"https:\/\/www.tourisme-marchesdebretagne.com\/en\/our-association\/","og_site_name":"Office de tourisme Couesnon Marches de Bretagne","article_modified_time":"2022-11-23T09:49:24+00:00","og_image":[{"url":"https:\/\/www.tourisme-marchesdebretagne.com\/wp-content\/uploads\/2022\/11\/AG-2021-Bandeau.jpg"}],"twitter_card":"summary_large_image","twitter_misc":{"Est. reading time":"2 minutes"},"schema":{"@context":"https:\/\/schema.org","@graph":[{"@type":"Organization","@id":"https:\/\/www.tourisme-marchesdebretagne.com\/en\/#organization","name":"R\u00e9sultats de recherche R\u00e9sultats Web http:\/\/www.tourisme-marchesdebretagne.com\/www.tourisme-marchesdebretagne.com \u203a marches March\u00e9s - Office de Tourisme Couesnon Marches de Bretagne","url":"https:\/\/www.tourisme-marchesdebretagne.com\/en\/","sameAs":[],"logo":{"@type":"ImageObject","@id":"https:\/\/www.tourisme-marchesdebretagne.com\/en\/#logo","inLanguage":"en-US","url":"https:\/\/www.tourisme-marchesdebretagne.com\/wp-content\/uploads\/2019\/12\/header_logo_grand.png","contentUrl":"https:\/\/www.tourisme-marchesdebretagne.com\/wp-content\/uploads\/2019\/12\/header_logo_grand.png","width":280,"height":76,"caption":"R\u00e9sultats de recherche R\u00e9sultats Web http:\/\/www.tourisme-marchesdebretagne.com\/www.tourisme-marchesdebretagne.com \u203a marches March\u00e9s - Office de Tourisme Couesnon Marches de Bretagne"},"image":{"@id":"https:\/\/www.tourisme-marchesdebretagne.com\/en\/#logo"}},{"@type":"WebSite","@id":"https:\/\/www.tourisme-marchesdebretagne.com\/en\/#website","url":"https:\/\/www.tourisme-marchesdebretagne.com\/en\/","name":"Office de tourisme Couesnon Marches de Bretagne","description":"Le site officiel de l&#039;Office de Tourisme Couesnon Marches de Bretagne \u00e0 Bazouges-la-P\u00e9rouse et Maen Roch en Ille-et-Vilaine.","publisher":{"@id":"https:\/\/www.tourisme-marchesdebretagne.com\/en\/#organization"},"potentialAction":[{"@type":"SearchAction","target":{"@type":"EntryPoint","urlTemplate":"https:\/\/www.tourisme-marchesdebretagne.com\/en\/?s={search_term_string}"},"query-input":"required name=search_term_string"}],"inLanguage":"en-US"},{"@type":"ImageObject","@id":"https:\/\/www.tourisme-marchesdebretagne.com\/en\/our-association\/#primaryimage","inLanguage":"en-US","url":"https:\/\/www.tourisme-marchesdebretagne.com\/wp-content\/uploads\/2022\/11\/AG-2021-Bandeau.jpg","contentUrl":"https:\/\/www.tourisme-marchesdebretagne.com\/wp-content\/uploads\/2022\/11\/AG-2021-Bandeau.jpg","width":800,"height":282},{"@type":"WebPage","@id":"https:\/\/www.tourisme-marchesdebretagne.com\/en\/our-association\/#webpage","url":"https:\/\/www.tourisme-marchesdebretagne.com\/en\/our-association\/","name":"Our association - Office de tourisme Couesnon Marches de Bretagne","isPartOf":{"@id":"https:\/\/www.tourisme-marchesdebretagne.com\/en\/#website"},"primaryImageOfPage":{"@id":"https:\/\/www.tourisme-marchesdebretagne.com\/en\/our-association\/#primaryimage"},"datePublished":"2019-03-11T13:31:18+00:00","dateModified":"2022-11-23T09:49:24+00:00","description":"Discover the association of the Tourist Office Couesnon Marches de Bretagne which contributes to the welcoming and promotion of the tourism of its area.","breadcrumb":{"@id":"https:\/\/www.tourisme-marchesdebretagne.com\/en\/our-association\/#breadcrumb"},"inLanguage":"en-US","potentialAction":[{"@type":"ReadAction","target":["https:\/\/www.tourisme-marchesdebretagne.com\/en\/our-association\/"]}]},{"@type":"BreadcrumbList","@id":"https:\/\/www.tourisme-marchesdebretagne.com\/en\/our-association\/#breadcrumb","itemListElement":[{"@type":"ListItem","position":1,"name":"Accueil","item":"https:\/\/www.tourisme-marchesdebretagne.com\/en\/"},{"@type":"ListItem","position":2,"name":"Our association"}]}]}},"_links":{"self":[{"href":"https:\/\/www.tourisme-marchesdebretagne.com\/en\/wp-json\/wp\/v2\/pages\/675"}],"collection":[{"href":"https:\/\/www.tourisme-marchesdebretagne.com\/en\/wp-json\/wp\/v2\/pages"}],"about":[{"href":"https:\/\/www.tourisme-marchesdebretagne.com\/en\/wp-json\/wp\/v2\/types\/page"}],"author":[{"embeddable":true,"href":"https:\/\/www.tourisme-marchesdebretagne.com\/en\/wp-json\/wp\/v2\/users\/2"}],"replies":[{"embeddable":true,"href":"https:\/\/www.tourisme-marchesdebretagne.com\/en\/wp-json\/wp\/v2\/comments?post=675"}],"version-history":[{"count":7,"href":"https:\/\/www.tourisme-marchesdebretagne.com\/en\/wp-json\/wp\/v2\/pages\/675\/revisions"}],"predecessor-version":[{"id":212594,"href":"https:\/\/www.tourisme-marchesdebretagne.com\/en\/wp-json\/wp\/v2\/pages\/675\/revisions\/212594"}],"wp:attachment":[{"href":"https:\/\/www.tourisme-marchesdebretagne.com\/en\/wp-json\/wp\/v2\/media?parent=675"}],"curies":[{"name":"wp","href":"https:\/\/api.w.org\/{rel}","templated":true}]}}